{"id":55,"date":"2023-10-30T21:53:46","date_gmt":"2023-10-30T18:53:46","guid":{"rendered":"https:\/\/tanura-wood.com\/?post_type=product&#038;p=55"},"modified":"2023-10-30T22:00:47","modified_gmt":"2023-10-30T19:00:47","slug":"komidin","status":"publish","type":"product","link":"https:\/\/tanura-wood.com\/index.php\/product\/komidin\/","title":{"rendered":"Komidin"},"content":{"rendered":"","protected":false},"excerpt":{"rendered":"<p>Armut a\u011fc\u0131ndan yap\u0131lm\u015f <\/p>\n","protected":false},"featured_media":59,"comment_status":"open","ping_status":"closed","template":"","meta":{"om_disable_all_campaigns":false,"_monsterinsights_skip_tracking":false,"_monsterinsights_sitenote_active":false,"_monsterinsights_sitenote_note":"","_monsterinsights_sitenote_category":0},"product_cat":[22],"product_tag":[],"aioseo_notices":[],"jetpack_sharing_enabled":true,"jetpack-related-posts":[],"_links":{"self":[{"href":"https:\/\/tanura-wood.com\/index.php\/wp-json\/wp\/v2\/product\/55"}],"collection":[{"href":"https:\/\/tanura-wood.com\/index.php\/wp-json\/wp\/v2\/product"}],"about":[{"href":"https:\/\/tanura-wood.com\/index.php\/wp-json\/wp\/v2\/types\/product"}],"replies":[{"embeddable":true,"href":"https:\/\/tanura-wood.com\/index.php\/wp-json\/wp\/v2\/comments?post=55"}],"wp:featuredmedia":[{"embeddable":true,"href":"https:\/\/tanura-wood.com\/index.php\/wp-json\/wp\/v2\/media\/59"}],"wp:attachment":[{"href":"https:\/\/tanura-wood.com\/index.php\/wp-json\/wp\/v2\/media?parent=55"}],"wp:term":[{"taxonomy":"product_cat","embeddable":true,"href":"https:\/\/tanura-wood.com\/index.php\/wp-json\/wp\/v2\/product_cat?post=55"},{"taxonomy":"product_tag","embeddable":true,"href":"https:\/\/tanura-wood.com\/index.php\/wp-json\/wp\/v2\/product_tag?post=55"}],"curies":[{"name":"wp","href":"https:\/\/api.w.org\/{rel}","templated":true}]}}