{"id":19,"date":"2023-10-30T19:59:05","date_gmt":"2023-10-30T16:59:05","guid":{"rendered":"https:\/\/tanura-wood.com\/?page_id=19"},"modified":"2023-11-03T15:44:57","modified_gmt":"2023-11-03T12:44:57","slug":"ana-sayfa","status":"publish","type":"page","link":"https:\/\/tanura-wood.com\/","title":{"rendered":"Ana sayfa"},"content":{"rendered":"<div data-block-name=\"woocommerce\/featured-product\" data-edit-mode=\"false\" data-product-id=\"55\" class=\"wc-block-featured-product alignnone has-background-dim wp-block-woocommerce-featured-product\" style=\"min-height:500px;\"><div class=\"wc-block-featured-product__wrapper\"><div class=\"background-dim__overlay\" style=\"background-color: #000000\"><\/div><img decoding=\"async\" alt=\"Komidin\" class=\"wc-block-featured-product__background-image\" src=\"https:\/\/tanura-wood.com\/wp-content\/uploads\/2023\/10\/format_webp.webp\" style=\"object-fit: none;object-position: 50% 50%;\" \/><h2 class=\"wc-block-featured-product__title\">Komidin<\/h2><div class=\"wc-block-featured-product__description\"><p>Armut a\u011fc\u0131ndan yap\u0131lm\u015f <\/p>\n<\/div><div class=\"wc-block-featured-product__price\"><span class=\"woocommerce-Price-amount amount\"><span class=\"woocommerce-Price-currencySymbol\">&#8378;<\/span>2.500,00<\/span><\/div><div class=\"wc-block-featured-product__link\">\n\n<div class=\"wp-block-buttons is-content-justification-center is-layout-flex wp-container-1 wp-block-buttons-is-layout-flex\">\n<div class=\"wp-block-button\"><a class=\"wp-block-button__link wp-element-button\" href=\"https:\/\/tanura-wood.com\/index.php\/product\/komidin\/\">\u015eimdi sat\u0131n al<\/a><\/div>\n<\/div>\n\n<\/div><\/div><\/div>\n\n\n<div style=\"height:100px\" aria-hidden=\"true\" class=\"wp-block-spacer\"><\/div>\n\n\n<div data-block-name=\"woocommerce\/all-products\" data-columns=\"3\" data-rows=\"3\" data-align-buttons=\"false\" data-content-visibility=\"{&quot;orderBy&quot;:true}\" data-orderby=\"date\" data-layout-config=\"[[&quot;woocommerce\\\/product-image&quot;,{&quot;imageSizing&quot;:&quot;thumbnail&quot;}],[&quot;woocommerce\\\/product-title&quot;],[&quot;woocommerce\\\/product-price&quot;],[&quot;woocommerce\\\/product-rating&quot;],[&quot;woocommerce\\\/product-button&quot;]]\" class=\"wp-block-woocommerce-all-products wc-block-all-products\" data-attributes=\"{&quot;alignButtons&quot;:false,&quot;columns&quot;:3,&quot;contentVisibility&quot;:{&quot;orderBy&quot;:true},&quot;isPreview&quot;:false,&quot;layoutConfig&quot;:[[&quot;woocommerce\/product-image&quot;,{&quot;imageSizing&quot;:&quot;thumbnail&quot;}],[&quot;woocommerce\/product-title&quot;],[&quot;woocommerce\/product-price&quot;],[&quot;woocommerce\/product-rating&quot;],[&quot;woocommerce\/product-button&quot;]],&quot;orderby&quot;:&quot;date&quot;,&quot;rows&quot;:3}\"><\/div>","protected":false},"excerpt":{"rendered":"","protected":false},"author":1,"featured_media":0,"parent":0,"menu_order":0,"comment_status":"closed","ping_status":"closed","template":"","meta":{"om_disable_all_campaigns":false,"_monsterinsights_skip_tracking":false,"_monsterinsights_sitenote_active":false,"_monsterinsights_sitenote_note":"","_monsterinsights_sitenote_category":0,"footnotes":""},"aioseo_notices":[],"jetpack_sharing_enabled":true,"jetpack-related-posts":[{"id":110,"url":"https:\/\/tanura-wood.com\/index.php\/kategoriler\/","url_meta":{"origin":19,"position":0},"title":"Kategoriler","author":"tanura-wood.com","date":"3 Kas\u0131m 2023","format":false,"excerpt":"\u015eimdi sat\u0131n al \u015eimdi sat\u0131n al","rel":"","context":"Benzer yaz\u0131","block_context":{"text":"Benzer yaz\u0131","link":""},"img":{"alt_text":"","src":"","width":0,"height":0},"classes":[]},{"id":105,"url":"https:\/\/tanura-wood.com\/index.php\/yildizli-urunler\/","url_meta":{"origin":19,"position":1},"title":"Y\u0131ld\u0131zl\u0131 \u00dcr\u00fcnler","author":"tanura-wood.com","date":"3 Kas\u0131m 2023","format":false,"excerpt":"\u015eimdi sat\u0131n al \u015eimdi sat\u0131n al","rel":"","context":"Benzer yaz\u0131","block_context":{"text":"Benzer yaz\u0131","link":""},"img":{"alt_text":"","src":"","width":0,"height":0},"classes":[]}],"_links":{"self":[{"href":"https:\/\/tanura-wood.com\/index.php\/wp-json\/wp\/v2\/pages\/19"}],"collection":[{"href":"https:\/\/tanura-wood.com\/index.php\/wp-json\/wp\/v2\/pages"}],"about":[{"href":"https:\/\/tanura-wood.com\/index.php\/wp-json\/wp\/v2\/types\/page"}],"author":[{"embeddable":true,"href":"https:\/\/tanura-wood.com\/index.php\/wp-json\/wp\/v2\/users\/1"}],"replies":[{"embeddable":true,"href":"https:\/\/tanura-wood.com\/index.php\/wp-json\/wp\/v2\/comments?post=19"}],"version-history":[{"count":6,"href":"https:\/\/tanura-wood.com\/index.php\/wp-json\/wp\/v2\/pages\/19\/revisions"}],"predecessor-version":[{"id":104,"href":"https:\/\/tanura-wood.com\/index.php\/wp-json\/wp\/v2\/pages\/19\/revisions\/104"}],"wp:attachment":[{"href":"https:\/\/tanura-wood.com\/index.php\/wp-json\/wp\/v2\/media?parent=19"}],"curies":[{"name":"wp","href":"https:\/\/api.w.org\/{rel}","templated":true}]}}