{"id":112,"date":"2023-11-03T18:30:27","date_gmt":"2023-11-03T15:30:27","guid":{"rendered":"https:\/\/tanura-wood.com\/?page_id=112"},"modified":"2023-11-03T18:30:29","modified_gmt":"2023-11-03T15:30:29","slug":"tum-urunler","status":"publish","type":"page","link":"https:\/\/tanura-wood.com\/index.php\/tum-urunler\/","title":{"rendered":"T\u00fcm \u00fcr\u00fcnler"},"content":{"rendered":"<div data-block-name=\"woocommerce\/filter-wrapper\" data-filter-type=\"active-filters\" data-heading=\"Etkinle\u015ftirilmi\u015f filtreler\" class=\"wp-block-woocommerce-filter-wrapper\">\n<h3 class=\"wp-block-heading\">Etkinle\u015ftirilmi\u015f filtreler<\/h3>\n\n\n<div data-block-name=\"woocommerce\/active-filters\" data-heading=\"\" data-lock=\"{&quot;remove&quot;:true}\" class=\"wp-block-woocommerce-active-filters is-loading\"><span aria-hidden=\"true\" class=\"wc-block-active-filters__placeholder\"><\/span><\/div><\/div>\n\n<div data-block-name=\"woocommerce\/filter-wrapper\" data-filter-type=\"price-filter\" data-heading=\"Fiyata g\u00f6re filtrele\" class=\"wp-block-woocommerce-filter-wrapper\">\n<h3 class=\"wp-block-heading\">Fiyata g\u00f6re filtrele<\/h3>\n\n\n<div data-block-name=\"woocommerce\/price-filter\" data-heading=\"\" data-lock=\"{&quot;remove&quot;:true}\" class=\"wp-block-woocommerce-price-filter is-loading\"><span aria-hidden=\"true\" class=\"wc-block-product-categories__placeholder\"><\/span><\/div><\/div>\n\n<div data-block-name=\"woocommerce\/filter-wrapper\" data-filter-type=\"stock-filter\" data-heading=\"Stok durumuna g\u00f6re filtrele\" class=\"wp-block-woocommerce-filter-wrapper\">\n<h3 class=\"wp-block-heading\">Stok durumuna g\u00f6re filtrele<\/h3>\n\n\n<div data-block-name=\"woocommerce\/stock-filter\" data-heading=\"\" data-lock=\"{&quot;remove&quot;:true}\" class=\"wp-block-woocommerce-stock-filter is-loading\"><\/div><\/div>\n\n<div data-block-name=\"woocommerce\/filter-wrapper\" data-filter-type=\"attribute-filter\" data-heading=\"Niteli\u011fe g\u00f6re filtrele\" class=\"wp-block-woocommerce-filter-wrapper\">\n<h3 class=\"wp-block-heading\">Niteli\u011fe g\u00f6re filtrele<\/h3>\n\n\n<div data-block-name=\"woocommerce\/attribute-filter\" data-heading=\"\" data-lock=\"{&quot;remove&quot;:true}\" class=\"wp-block-woocommerce-attribute-filter is-loading\"><\/div><\/div>\n\n<div data-block-name=\"woocommerce\/filter-wrapper\" data-filter-type=\"rating-filter\" data-heading=\"Puana g\u00f6re filtrele\" class=\"wp-block-woocommerce-filter-wrapper\">\n<h3 class=\"wp-block-heading\">Puana g\u00f6re filtrele<\/h3>\n\n\n<div data-block-name=\"woocommerce\/rating-filter\" data-lock=\"{&quot;remove&quot;:true}\" class=\"wp-block-woocommerce-rating-filter is-loading\"><\/div><\/div>\n\n\n<div style=\"height:100px\" aria-hidden=\"true\" class=\"wp-block-spacer\"><\/div>\n\n\n<div data-block-name=\"woocommerce\/all-products\" data-columns=\"3\" data-rows=\"3\" data-align-buttons=\"false\" data-content-visibility=\"{&quot;orderBy&quot;:true}\" data-orderby=\"date\" data-layout-config=\"[[&quot;woocommerce\\\/product-image&quot;,{&quot;imageSizing&quot;:&quot;thumbnail&quot;}],[&quot;woocommerce\\\/product-title&quot;],[&quot;woocommerce\\\/product-price&quot;],[&quot;woocommerce\\\/product-rating&quot;],[&quot;woocommerce\\\/product-button&quot;]]\" class=\"wp-block-woocommerce-all-products wc-block-all-products\" data-attributes=\"{&quot;alignButtons&quot;:false,&quot;columns&quot;:3,&quot;contentVisibility&quot;:{&quot;orderBy&quot;:true},&quot;isPreview&quot;:false,&quot;layoutConfig&quot;:[[&quot;woocommerce\/product-image&quot;,{&quot;imageSizing&quot;:&quot;thumbnail&quot;}],[&quot;woocommerce\/product-title&quot;],[&quot;woocommerce\/product-price&quot;],[&quot;woocommerce\/product-rating&quot;],[&quot;woocommerce\/product-button&quot;]],&quot;orderby&quot;:&quot;date&quot;,&quot;rows&quot;:3}\"><\/div>","protected":false},"excerpt":{"rendered":"","protected":false},"author":1,"featured_media":0,"parent":0,"menu_order":0,"comment_status":"closed","ping_status":"closed","template":"","meta":{"om_disable_all_campaigns":false,"_monsterinsights_skip_tracking":false,"_monsterinsights_sitenote_active":false,"_monsterinsights_sitenote_note":"","_monsterinsights_sitenote_category":0,"footnotes":""},"aioseo_notices":[],"jetpack_sharing_enabled":true,"jetpack-related-posts":[{"id":105,"url":"https:\/\/tanura-wood.com\/index.php\/yildizli-urunler\/","url_meta":{"origin":112,"position":0},"title":"Y\u0131ld\u0131zl\u0131 \u00dcr\u00fcnler","author":"tanura-wood.com","date":"3 Kas\u0131m 2023","format":false,"excerpt":"\u015eimdi sat\u0131n al \u015eimdi sat\u0131n al","rel":"","context":"Benzer yaz\u0131","block_context":{"text":"Benzer yaz\u0131","link":""},"img":{"alt_text":"","src":"","width":0,"height":0},"classes":[]}],"_links":{"self":[{"href":"https:\/\/tanura-wood.com\/index.php\/wp-json\/wp\/v2\/pages\/112"}],"collection":[{"href":"https:\/\/tanura-wood.com\/index.php\/wp-json\/wp\/v2\/pages"}],"about":[{"href":"https:\/\/tanura-wood.com\/index.php\/wp-json\/wp\/v2\/types\/page"}],"author":[{"embeddable":true,"href":"https:\/\/tanura-wood.com\/index.php\/wp-json\/wp\/v2\/users\/1"}],"replies":[{"embeddable":true,"href":"https:\/\/tanura-wood.com\/index.php\/wp-json\/wp\/v2\/comments?post=112"}],"version-history":[{"count":3,"href":"https:\/\/tanura-wood.com\/index.php\/wp-json\/wp\/v2\/pages\/112\/revisions"}],"predecessor-version":[{"id":115,"href":"https:\/\/tanura-wood.com\/index.php\/wp-json\/wp\/v2\/pages\/112\/revisions\/115"}],"wp:attachment":[{"href":"https:\/\/tanura-wood.com\/index.php\/wp-json\/wp\/v2\/media?parent=112"}],"curies":[{"name":"wp","href":"https:\/\/api.w.org\/{rel}","templated":true}]}}