{"id":110,"date":"2023-11-03T18:30:01","date_gmt":"2023-11-03T15:30:01","guid":{"rendered":"https:\/\/tanura-wood.com\/?page_id=110"},"modified":"2023-11-03T18:30:03","modified_gmt":"2023-11-03T15:30:03","slug":"kategoriler","status":"publish","type":"page","link":"https:\/\/tanura-wood.com\/index.php\/kategoriler\/","title":{"rendered":"Kategoriler"},"content":{"rendered":"<div data-block-name=\"woocommerce\/featured-category\" data-edit-mode=\"false\" data-category-id=\"21\" class=\"wc-block-featured-category alignnone has-background-dim wp-block-woocommerce-featured-category\" style=\"min-height:500px;\"><div class=\"wc-block-featured-category__wrapper\"><div class=\"background-dim__overlay\" style=\"background-color: #000000\"><\/div><h2 class=\"wc-block-featured-category__title\">Salon<\/h2><div class=\"wc-block-featured-category__description\"><\/div><div class=\"wc-block-featured-category__link\">\n\n<div class=\"wp-block-buttons is-content-justification-center is-layout-flex wp-container-1 wp-block-buttons-is-layout-flex\">\n<div class=\"wp-block-button\"><a class=\"wp-block-button__link wp-element-button\" href=\"https:\/\/tanura-wood.com\/index.php\/product-category\/salon\/\">\u015eimdi sat\u0131n al<\/a><\/div>\n<\/div>\n\n<\/div><\/div><\/div>\n\n\n<div style=\"height:100px\" aria-hidden=\"true\" class=\"wp-block-spacer\"><\/div>\n\n\n<div data-block-name=\"woocommerce\/featured-category\" data-edit-mode=\"false\" data-category-id=\"22\" class=\"wc-block-featured-category alignnone has-background-dim wp-block-woocommerce-featured-category\" style=\"min-height:500px;\"><div class=\"wc-block-featured-category__wrapper\"><div class=\"background-dim__overlay\" style=\"background-color: #000000\"><\/div><h2 class=\"wc-block-featured-category__title\">Yatak odas\u0131<\/h2><div class=\"wc-block-featured-category__description\"><\/div><div class=\"wc-block-featured-category__link\">\n\n<div class=\"wp-block-buttons is-content-justification-center is-layout-flex wp-container-2 wp-block-buttons-is-layout-flex\">\n<div class=\"wp-block-button\"><a class=\"wp-block-button__link wp-element-button\" href=\"https:\/\/tanura-wood.com\/index.php\/product-category\/yatak-odasi\/\">\u015eimdi sat\u0131n al<\/a><\/div>\n<\/div>\n\n<\/div><\/div><\/div>","protected":false},"excerpt":{"rendered":"","protected":false},"author":1,"featured_media":0,"parent":0,"menu_order":0,"comment_status":"closed","ping_status":"closed","template":"","meta":{"om_disable_all_campaigns":false,"_monsterinsights_skip_tracking":false,"_monsterinsights_sitenote_active":false,"_monsterinsights_sitenote_note":"","_monsterinsights_sitenote_category":0,"footnotes":""},"aioseo_notices":[],"jetpack_sharing_enabled":true,"jetpack-related-posts":[{"id":105,"url":"https:\/\/tanura-wood.com\/index.php\/yildizli-urunler\/","url_meta":{"origin":110,"position":0},"title":"Y\u0131ld\u0131zl\u0131 \u00dcr\u00fcnler","author":"tanura-wood.com","date":"3 Kas\u0131m 2023","format":false,"excerpt":"\u015eimdi sat\u0131n al \u015eimdi sat\u0131n al","rel":"","context":"Benzer yaz\u0131","block_context":{"text":"Benzer yaz\u0131","link":""},"img":{"alt_text":"","src":"","width":0,"height":0},"classes":[]},{"id":19,"url":"https:\/\/tanura-wood.com\/","url_meta":{"origin":110,"position":1},"title":"Ana sayfa","author":"tanura-wood.com","date":"30 Ekim 2023","format":false,"excerpt":"\u015eimdi sat\u0131n al","rel":"","context":"Benzer yaz\u0131","block_context":{"text":"Benzer yaz\u0131","link":""},"img":{"alt_text":"","src":"","width":0,"height":0},"classes":[]}],"_links":{"self":[{"href":"https:\/\/tanura-wood.com\/index.php\/wp-json\/wp\/v2\/pages\/110"}],"collection":[{"href":"https:\/\/tanura-wood.com\/index.php\/wp-json\/wp\/v2\/pages"}],"about":[{"href":"https:\/\/tanura-wood.com\/index.php\/wp-json\/wp\/v2\/types\/page"}],"author":[{"embeddable":true,"href":"https:\/\/tanura-wood.com\/index.php\/wp-json\/wp\/v2\/users\/1"}],"replies":[{"embeddable":true,"href":"https:\/\/tanura-wood.com\/index.php\/wp-json\/wp\/v2\/comments?post=110"}],"version-history":[{"count":1,"href":"https:\/\/tanura-wood.com\/index.php\/wp-json\/wp\/v2\/pages\/110\/revisions"}],"predecessor-version":[{"id":111,"href":"https:\/\/tanura-wood.com\/index.php\/wp-json\/wp\/v2\/pages\/110\/revisions\/111"}],"wp:attachment":[{"href":"https:\/\/tanura-wood.com\/index.php\/wp-json\/wp\/v2\/media?parent=110"}],"curies":[{"name":"wp","href":"https:\/\/api.w.org\/{rel}","templated":true}]}}